{"id":1244,"date":"2017-05-29T11:00:56","date_gmt":"2017-05-29T09:00:56","guid":{"rendered":"https:\/\/www.cilfa.fr\/?page_id=1244\/"},"modified":"2022-12-23T16:09:56","modified_gmt":"2022-12-23T15:09:56","slug":"faq","status":"publish","type":"page","link":"https:\/\/www.cilfa.fr\/es\/faq\/","title":{"rendered":"FAQ"},"content":{"rendered":"<h2>\u00bfC\u00f3mo puedo inscribirme a los cursos? \u00bfCu\u00e1les son los documentos solicitados?<\/h2>\n<p>Puedes inscribirte en l\u00ednea a trav\u00e9s de nuestra p\u00e1gina web.<br \/>\nPara inscribirte, debes:<\/p>\n<ul>\n<li>completar un formulario de inscripci\u00f3n<\/li>\n<li>pagar un anticipo de 152 \u20ac o de 400 \u20ac (si solicitas alojamiento).<\/li>\n<\/ul>\n<p>A la recepci\u00f3n de estos documentos, recibir\u00e1s el comprobante de inscripci\u00f3n.<br \/>\nEl resto del curso se pagar\u00e1 m\u00e1s tarde, el primer d\u00eda de curso.<\/p>\n<h2>\u00bfCu\u00e1ntos participantes hay por clase?<\/h2>\n<p>Hay una media de entre 6 y 8 participantes, 12 como m\u00e1ximo.<\/p>\n<h2>\u00bfCu\u00e1ntos niveles hay?<\/h2>\n<p>Hay 4 niveles: principiante, b\u00e1sico, intermedio y avanzado.<\/p>\n<h2>\u00bfCu\u00e1les son las nacionalidades representadas?<\/h2>\n<p>En 2022, 47 nacionalidades estuvieron representadas con 120 estudiantes. No hay una nacionalidad predominante en CILFA en cuanto al n\u00famero de participantes.<\/p>\n<h2>\u00bfCu\u00e1l es la edad de los participantes?<\/h2>\n<p>La media de edad de los participantes es\u00a0de\u00a032\u00a0a\u00f1os. Sin embargo, tambi\u00e9n acogemos j\u00f3venes a partir de 18 a\u00f1os, as\u00ed como adultos de todas las edades.<\/p>\n<h2>\u00bfCu\u00e1l es la fecha l\u00edmite de inscripci\u00f3n a los cursos?<\/h2>\n<p>No hay fecha l\u00edmite de inscripci\u00f3n, sin embargo, si deseas alojamiento, te aconsejamos inscribirte lo antes posible.<\/p>\n<h2>\u00bfC\u00f3mo puedo saber en qu\u00e9 grupo voy a estar?<\/h2>\n<p>A tu llegada, pasar\u00e1s un test oral y escrito que determinar\u00e1 el grupo en el que entrar\u00e1s.<\/p>\n<h2>\u00bfPuedo unirme cuando el curso ya ha empezado?<\/h2>\n<p>Si no eres completamente principiante, puedes empezar cada lunes de curso.<br \/>\nLos completamente principiantes deben empezar el primer d\u00eda de la sesi\u00f3n.<\/p>\n<h2>\u00bfEstoy obligado a asistir el curso entero?<\/h2>\n<p>No. Nosotros proponemos cursos de 11 semanas durante el a\u00f1o universitario,\u00a0de 4 semanas en julio y agosto, y de 3 semanas en septiembre. Siempre se puede participar durante una duraci\u00f3n inferior a un curso completo.<\/p>\n<h2>\u00bfQu\u00e9 d\u00edas y a qu\u00e9 hora tienen lugar los cursos?<\/h2>\n<p>Los cursos tienen lugar de lunes a viernes, de 9:00\u00a0a 12:15.<br \/>\nLos cursos de preparaci\u00f3n para ex\u00e1menes del DELF tienen lugar los martes y jueves de 18:15 a 19:45.<\/p>\n<h2>\u00bfEs posible hacer un examen sin haber seguido un curso en CILFA?<\/h2>\n<p>Si, CILFA es un centro de ex\u00e1menes de diplomas del DILF, del DELF y del DALF. Todo candidato ajeno a la escuela puede hacer estos diplomas en CILFA (<a href=\"https:\/\/www.cilfa.fr\/es\/examenes\/\">mostrar el calendario<\/a>).<\/p>\n","protected":false},"excerpt":{"rendered":"<p>\u00bfC\u00f3mo puedo inscribirme a los cursos? \u00bfCu\u00e1les son los documentos solicitados? Puedes inscribirte en l\u00ednea a trav\u00e9s de nuestra p\u00e1gina web. Para inscribirte, debes: completar un formulario de inscripci\u00f3n pagar un anticipo de 152 \u20ac o de 400 \u20ac (si solicitas alojamiento). A la recepci\u00f3n de estos documentos, recibir\u00e1s el comprobante de inscripci\u00f3n. El resto [&hellip;]<\/p>\n","protected":false},"author":4,"featured_media":870,"parent":0,"menu_order":0,"comment_status":"closed","ping_status":"closed","template":"","meta":{"footnotes":""},"class_list":["post-1244","page","type-page","status-publish","has-post-thumbnail","hentry"],"yoast_head":"<!-- This site is optimized with the Yoast SEO plugin v27.5 - https:\/\/yoast.com\/product\/yoast-seo-wordpress\/ -->\n<title>FAQ - Cilfa<\/title>\n<meta name=\"description\" content=\"Preguntas frecuentes : encuentre aqu\u00ed la respuesta a las preguntas frecuentemente formuladas.\" \/>\n<meta name=\"robots\" content=\"index, follow, max-snippet:-1, max-image-preview:large, max-video-preview:-1\" \/>\n<link rel=\"canonical\" href=\"https:\/\/www.cilfa.fr\/es\/faq\/\" \/>\n<meta property=\"og:locale\" content=\"es_ES\" \/>\n<meta property=\"og:type\" content=\"article\" \/>\n<meta property=\"og:title\" content=\"FAQ - Cilfa\" \/>\n<meta property=\"og:description\" content=\"Preguntas frecuentes : encuentre aqu\u00ed la respuesta a las preguntas frecuentemente formuladas.\" \/>\n<meta property=\"og:url\" content=\"https:\/\/www.cilfa.fr\/es\/faq\/\" \/>\n<meta property=\"og:site_name\" content=\"Cilfa\" \/>\n<meta property=\"article:modified_time\" content=\"2022-12-23T15:09:56+00:00\" \/>\n<meta property=\"og:image\" content=\"https:\/\/www.cilfa.fr\/wp-content\/uploads\/2017\/04\/p29.jpg\" \/>\n\t<meta property=\"og:image:width\" content=\"962\" \/>\n\t<meta property=\"og:image:height\" content=\"300\" \/>\n\t<meta property=\"og:image:type\" content=\"image\/jpeg\" \/>\n<meta name=\"twitter:card\" content=\"summary_large_image\" \/>\n<meta name=\"twitter:label1\" content=\"Tiempo de lectura\" \/>\n\t<meta name=\"twitter:data1\" content=\"2 minutos\" \/>\n<script type=\"application\/ld+json\" class=\"yoast-schema-graph\">{\"@context\":\"https:\\\/\\\/schema.org\",\"@graph\":[{\"@type\":\"WebPage\",\"@id\":\"https:\\\/\\\/www.cilfa.fr\\\/es\\\/faq\\\/\",\"url\":\"https:\\\/\\\/www.cilfa.fr\\\/es\\\/faq\\\/\",\"name\":\"FAQ - Cilfa\",\"isPartOf\":{\"@id\":\"https:\\\/\\\/www.cilfa.fr\\\/es\\\/#website\"},\"primaryImageOfPage\":{\"@id\":\"https:\\\/\\\/www.cilfa.fr\\\/es\\\/faq\\\/#primaryimage\"},\"image\":{\"@id\":\"https:\\\/\\\/www.cilfa.fr\\\/es\\\/faq\\\/#primaryimage\"},\"thumbnailUrl\":\"https:\\\/\\\/www.cilfa.fr\\\/wp-content\\\/uploads\\\/2017\\\/04\\\/p29.jpg\",\"datePublished\":\"2017-05-29T09:00:56+00:00\",\"dateModified\":\"2022-12-23T15:09:56+00:00\",\"description\":\"Preguntas frecuentes : encuentre aqu\u00ed la respuesta a las preguntas frecuentemente formuladas.\",\"breadcrumb\":{\"@id\":\"https:\\\/\\\/www.cilfa.fr\\\/es\\\/faq\\\/#breadcrumb\"},\"inLanguage\":\"es\",\"potentialAction\":[{\"@type\":\"ReadAction\",\"target\":[\"https:\\\/\\\/www.cilfa.fr\\\/es\\\/faq\\\/\"]}]},{\"@type\":\"ImageObject\",\"inLanguage\":\"es\",\"@id\":\"https:\\\/\\\/www.cilfa.fr\\\/es\\\/faq\\\/#primaryimage\",\"url\":\"https:\\\/\\\/www.cilfa.fr\\\/wp-content\\\/uploads\\\/2017\\\/04\\\/p29.jpg\",\"contentUrl\":\"https:\\\/\\\/www.cilfa.fr\\\/wp-content\\\/uploads\\\/2017\\\/04\\\/p29.jpg\",\"width\":962,\"height\":300},{\"@type\":\"BreadcrumbList\",\"@id\":\"https:\\\/\\\/www.cilfa.fr\\\/es\\\/faq\\\/#breadcrumb\",\"itemListElement\":[{\"@type\":\"ListItem\",\"position\":1,\"name\":\"Accueil\",\"item\":\"https:\\\/\\\/www.cilfa.fr\\\/es\\\/\"},{\"@type\":\"ListItem\",\"position\":2,\"name\":\"FAQ\"}]},{\"@type\":\"WebSite\",\"@id\":\"https:\\\/\\\/www.cilfa.fr\\\/es\\\/#website\",\"url\":\"https:\\\/\\\/www.cilfa.fr\\\/es\\\/\",\"name\":\"Cilfa\",\"description\":\"Apprendre le fran\u00e7ais \u00e0 Annecy dans les Alpes\",\"publisher\":{\"@id\":\"https:\\\/\\\/www.cilfa.fr\\\/es\\\/#organization\"},\"potentialAction\":[{\"@type\":\"SearchAction\",\"target\":{\"@type\":\"EntryPoint\",\"urlTemplate\":\"https:\\\/\\\/www.cilfa.fr\\\/es\\\/?s={search_term_string}\"},\"query-input\":{\"@type\":\"PropertyValueSpecification\",\"valueRequired\":true,\"valueName\":\"search_term_string\"}}],\"inLanguage\":\"es\"},{\"@type\":\"Organization\",\"@id\":\"https:\\\/\\\/www.cilfa.fr\\\/es\\\/#organization\",\"name\":\"Cilfa\",\"url\":\"https:\\\/\\\/www.cilfa.fr\\\/es\\\/\",\"logo\":{\"@type\":\"ImageObject\",\"inLanguage\":\"es\",\"@id\":\"https:\\\/\\\/www.cilfa.fr\\\/es\\\/#\\\/schema\\\/logo\\\/image\\\/\",\"url\":\"https:\\\/\\\/www.cilfa.fr\\\/wp-content\\\/uploads\\\/2017\\\/04\\\/cropped-logo.png\",\"contentUrl\":\"https:\\\/\\\/www.cilfa.fr\\\/wp-content\\\/uploads\\\/2017\\\/04\\\/cropped-logo.png\",\"width\":306,\"height\":200,\"caption\":\"Cilfa\"},\"image\":{\"@id\":\"https:\\\/\\\/www.cilfa.fr\\\/es\\\/#\\\/schema\\\/logo\\\/image\\\/\"}}]}<\/script>\n<!-- \/ Yoast SEO plugin. -->","yoast_head_json":{"title":"FAQ - Cilfa","description":"Preguntas frecuentes : encuentre aqu\u00ed la respuesta a las preguntas frecuentemente formuladas.","robots":{"index":"index","follow":"follow","max-snippet":"max-snippet:-1","max-image-preview":"max-image-preview:large","max-video-preview":"max-video-preview:-1"},"canonical":"https:\/\/www.cilfa.fr\/es\/faq\/","og_locale":"es_ES","og_type":"article","og_title":"FAQ - Cilfa","og_description":"Preguntas frecuentes : encuentre aqu\u00ed la respuesta a las preguntas frecuentemente formuladas.","og_url":"https:\/\/www.cilfa.fr\/es\/faq\/","og_site_name":"Cilfa","article_modified_time":"2022-12-23T15:09:56+00:00","og_image":[{"width":962,"height":300,"url":"https:\/\/www.cilfa.fr\/wp-content\/uploads\/2017\/04\/p29.jpg","type":"image\/jpeg"}],"twitter_card":"summary_large_image","twitter_misc":{"Tiempo de lectura":"2 minutos"},"schema":{"@context":"https:\/\/schema.org","@graph":[{"@type":"WebPage","@id":"https:\/\/www.cilfa.fr\/es\/faq\/","url":"https:\/\/www.cilfa.fr\/es\/faq\/","name":"FAQ - Cilfa","isPartOf":{"@id":"https:\/\/www.cilfa.fr\/es\/#website"},"primaryImageOfPage":{"@id":"https:\/\/www.cilfa.fr\/es\/faq\/#primaryimage"},"image":{"@id":"https:\/\/www.cilfa.fr\/es\/faq\/#primaryimage"},"thumbnailUrl":"https:\/\/www.cilfa.fr\/wp-content\/uploads\/2017\/04\/p29.jpg","datePublished":"2017-05-29T09:00:56+00:00","dateModified":"2022-12-23T15:09:56+00:00","description":"Preguntas frecuentes : encuentre aqu\u00ed la respuesta a las preguntas frecuentemente formuladas.","breadcrumb":{"@id":"https:\/\/www.cilfa.fr\/es\/faq\/#breadcrumb"},"inLanguage":"es","potentialAction":[{"@type":"ReadAction","target":["https:\/\/www.cilfa.fr\/es\/faq\/"]}]},{"@type":"ImageObject","inLanguage":"es","@id":"https:\/\/www.cilfa.fr\/es\/faq\/#primaryimage","url":"https:\/\/www.cilfa.fr\/wp-content\/uploads\/2017\/04\/p29.jpg","contentUrl":"https:\/\/www.cilfa.fr\/wp-content\/uploads\/2017\/04\/p29.jpg","width":962,"height":300},{"@type":"BreadcrumbList","@id":"https:\/\/www.cilfa.fr\/es\/faq\/#breadcrumb","itemListElement":[{"@type":"ListItem","position":1,"name":"Accueil","item":"https:\/\/www.cilfa.fr\/es\/"},{"@type":"ListItem","position":2,"name":"FAQ"}]},{"@type":"WebSite","@id":"https:\/\/www.cilfa.fr\/es\/#website","url":"https:\/\/www.cilfa.fr\/es\/","name":"Cilfa","description":"Apprendre le fran\u00e7ais \u00e0 Annecy dans les Alpes","publisher":{"@id":"https:\/\/www.cilfa.fr\/es\/#organization"},"potentialAction":[{"@type":"SearchAction","target":{"@type":"EntryPoint","urlTemplate":"https:\/\/www.cilfa.fr\/es\/?s={search_term_string}"},"query-input":{"@type":"PropertyValueSpecification","valueRequired":true,"valueName":"search_term_string"}}],"inLanguage":"es"},{"@type":"Organization","@id":"https:\/\/www.cilfa.fr\/es\/#organization","name":"Cilfa","url":"https:\/\/www.cilfa.fr\/es\/","logo":{"@type":"ImageObject","inLanguage":"es","@id":"https:\/\/www.cilfa.fr\/es\/#\/schema\/logo\/image\/","url":"https:\/\/www.cilfa.fr\/wp-content\/uploads\/2017\/04\/cropped-logo.png","contentUrl":"https:\/\/www.cilfa.fr\/wp-content\/uploads\/2017\/04\/cropped-logo.png","width":306,"height":200,"caption":"Cilfa"},"image":{"@id":"https:\/\/www.cilfa.fr\/es\/#\/schema\/logo\/image\/"}}]}},"_links":{"self":[{"href":"https:\/\/www.cilfa.fr\/es\/wp-json\/wp\/v2\/pages\/1244","targetHints":{"allow":["GET"]}}],"collection":[{"href":"https:\/\/www.cilfa.fr\/es\/wp-json\/wp\/v2\/pages"}],"about":[{"href":"https:\/\/www.cilfa.fr\/es\/wp-json\/wp\/v2\/types\/page"}],"author":[{"embeddable":true,"href":"https:\/\/www.cilfa.fr\/es\/wp-json\/wp\/v2\/users\/4"}],"replies":[{"embeddable":true,"href":"https:\/\/www.cilfa.fr\/es\/wp-json\/wp\/v2\/comments?post=1244"}],"version-history":[{"count":7,"href":"https:\/\/www.cilfa.fr\/es\/wp-json\/wp\/v2\/pages\/1244\/revisions"}],"predecessor-version":[{"id":9292,"href":"https:\/\/www.cilfa.fr\/es\/wp-json\/wp\/v2\/pages\/1244\/revisions\/9292"}],"wp:featuredmedia":[{"embeddable":true,"href":"https:\/\/www.cilfa.fr\/es\/wp-json\/wp\/v2\/media\/870"}],"wp:attachment":[{"href":"https:\/\/www.cilfa.fr\/es\/wp-json\/wp\/v2\/media?parent=1244"}],"curies":[{"name":"wp","href":"https:\/\/api.w.org\/{rel}","templated":true}]}}