{"id":1230,"date":"2017-05-29T10:48:08","date_gmt":"2017-05-29T08:48:08","guid":{"rendered":"https:\/\/www.cilfa.fr\/?page_id=1230\/"},"modified":"2017-10-17T13:41:48","modified_gmt":"2017-10-17T11:41:48","slug":"dilf","status":"publish","type":"page","link":"https:\/\/www.cilfa.fr\/es\/dilf\/","title":{"rendered":"DILF"},"content":{"rendered":"<h2>Dipl\u00f4me initial de langue fran\u00e7aise<\/h2>\n<p>El DILF es un diploma de franc\u00e9s como lengua extranjera que eval\u00faa los primeros aprendizajes, es decir, el nivel A1.1 del Marco Com\u00fan Europeo de Referencia (MCER) para las lenguas establecido por el Consejo de Europa. Constituye el primer paso hacia la consecuci\u00f3n del DELF y el DALF.<\/p>\n<p>Al igual que el DELF y el DALF, el DILF lo otorga el Ministerio de Educaci\u00f3n franc\u00e9s.<\/p>\n<p><strong>El DILF eval\u00faa las 4 competencias ling\u00fc\u00edsticas:<\/strong><\/p>\n<ul>\n<li>comprensi\u00f3n oral<\/li>\n<li>comprensi\u00f3n escrita<\/li>\n<li>expresi\u00f3n oral<\/li>\n<li>expresi\u00f3n escrita<\/li>\n<\/ul>\n<p>El DILF est\u00e1 bajo la autoridad de la Comisi\u00f3n Nacional del DILF cuya sede se encuentra en el\u00a0<a href=\"http:\/\/www.ciep.fr\/dilf\" target=\"\" rel=\"lightbox\">CIEP<\/a>.<\/p>\n<p>&nbsp;<\/p>\n<table border=\"0\" cellspacing=\"0\" cellpadding=\"0\">\n<tbody>\n<tr>\n<td style=\"text-align: center;\"><strong>Tipo de prueba<\/strong><\/td>\n<td style=\"text-align: center;\"><strong>Duraci\u00f3n<\/strong><\/td>\n<td style=\"text-align: center;\"><strong>Nota sobre<\/strong><\/td>\n<\/tr>\n<tr>\n<td>\n<div class=\"tabgch\">\n<h2>Comprensi\u00f3n oral<\/h2>\n<ul>\n<li>Comprender un aviso por megafon\u00eda<\/li>\n<li>Comprender mensajes sencillos<\/li>\n<li>Comprender instrucciones sencillas<\/li>\n<li>Comprender informaci\u00f3n num\u00e9rica, comprender la hora<\/li>\n<\/ul>\n<\/div>\n<\/td>\n<td style=\"text-align: center;\">25 mn<\/td>\n<td style=\"text-align: center;\">35 puntos<\/td>\n<\/tr>\n<tr>\n<td>\n<div class=\"tabgch\">\n<h2>Comprensi\u00f3n escrita<\/h2>\n<ul>\n<li>Identificar se\u00f1ales e indicaciones<\/li>\n<li>Comprender instrucciones sencillas<\/li>\n<li>Comprender informaci\u00f3n b\u00e1sica<\/li>\n<li>Comprender informaci\u00f3n num\u00e9rica<\/li>\n<li>Reconocer la naturaleza y la funci\u00f3n de textos escritos sencillos<\/li>\n<\/ul>\n<\/div>\n<\/td>\n<td style=\"text-align: center;\">25 mn<\/td>\n<td style=\"text-align: center;\">15 puntos<\/td>\n<\/tr>\n<tr>\n<td>\n<div class=\"tabgch\">\n<h2>Expresi\u00f3n oral<\/h2>\n<ul>\n<li>Entrevista con el jurado<\/li>\n<li>Actividades de expresi\u00f3n:\n<ul>\n<li>Solicitar e indicar un precio<\/li>\n<li>Presentar a personas o describir lugares<\/li>\n<li>Expresar necesidades o solicitar una cita<\/li>\n<li>Indicar la naturaleza de un problema de salud<\/li>\n<\/ul>\n<\/li>\n<\/ul>\n<\/div>\n<\/td>\n<td style=\"text-align: center;\">10 mn<\/td>\n<td style=\"text-align: center;\">35 puntos<\/td>\n<\/tr>\n<tr>\n<td>\n<div class=\"tabgch\">\n<h2>Expresi\u00f3n escrita<\/h2>\n<ul>\n<li>Copiar una direcci\u00f3n o un n\u00famero de tel\u00e9fono<\/li>\n<li>Anotar un n\u00famero, un precio o una fecha<\/li>\n<li>Rellenar un formulario o impreso<\/li>\n<li>Dejar un mensaje sencillo<\/li>\n<\/ul>\n<\/div>\n<\/td>\n<td style=\"text-align: center;\">15 mn<\/td>\n<td style=\"text-align: center;\">15 puntos<\/td>\n<\/tr>\n<tr>\n<td><\/td>\n<td style=\"text-align: center;\"><strong>Calificaci\u00f3n totale<\/strong><\/td>\n<td style=\"text-align: center;\"><strong>\/100<\/strong><\/td>\n<\/tr>\n<\/tbody>\n<\/table>\n<div class=\"marge30\">\n<p><strong>Duraci\u00f3n : 1 hora y 15 minutos<br \/>\nNota total sobre 100<br \/>\nNota m\u00ednima necesaria para obtener el diploma : 50\/100<br \/>\nNota m\u00ednima requerida por prueba oral: 35\/70<\/strong><\/p>\n<\/div>\n<p>&nbsp;<\/p>\n","protected":false},"excerpt":{"rendered":"<p>Dipl\u00f4me initial de langue fran\u00e7aise El DILF es un diploma de franc\u00e9s como lengua extranjera que eval\u00faa los primeros aprendizajes, es decir, el nivel A1.1 del Marco Com\u00fan Europeo de Referencia (MCER) para las lenguas establecido por el Consejo de Europa. Constituye el primer paso hacia la consecuci\u00f3n del DELF y el DALF. Al igual [&hellip;]<\/p>\n","protected":false},"author":4,"featured_media":269,"parent":0,"menu_order":0,"comment_status":"closed","ping_status":"closed","template":"","meta":{"footnotes":""},"class_list":["post-1230","page","type-page","status-publish","has-post-thumbnail","hentry"],"yoast_head":"<!-- This site is optimized with the Yoast SEO plugin v27.5 - https:\/\/yoast.com\/product\/yoast-seo-wordpress\/ -->\n<title>DILF - Cilfa<\/title>\n<meta name=\"description\" content=\"El DILF eval\u00faa los primeros aprendizajes(nivel A1.1 del MCERL). Constituye el primer paso hacia la consecuci\u00f3n del DELF y el DALF. 4 competencias: comprensi\u00f3n oral y escrita, expresi\u00f3n oral y escrita.\" \/>\n<meta name=\"robots\" content=\"index, follow, max-snippet:-1, max-image-preview:large, max-video-preview:-1\" \/>\n<link rel=\"canonical\" href=\"https:\/\/www.cilfa.fr\/es\/dilf\/\" \/>\n<meta property=\"og:locale\" content=\"es_ES\" \/>\n<meta property=\"og:type\" content=\"article\" \/>\n<meta property=\"og:title\" content=\"DILF - Cilfa\" \/>\n<meta property=\"og:description\" content=\"El DILF eval\u00faa los primeros aprendizajes(nivel A1.1 del MCERL). Constituye el primer paso hacia la consecuci\u00f3n del DELF y el DALF. 4 competencias: comprensi\u00f3n oral y escrita, expresi\u00f3n oral y escrita.\" \/>\n<meta property=\"og:url\" content=\"https:\/\/www.cilfa.fr\/es\/dilf\/\" \/>\n<meta property=\"og:site_name\" content=\"Cilfa\" \/>\n<meta property=\"article:modified_time\" content=\"2017-10-17T11:41:48+00:00\" \/>\n<meta property=\"og:image\" content=\"https:\/\/www.cilfa.fr\/wp-content\/uploads\/2017\/05\/examens.jpg\" \/>\n\t<meta property=\"og:image:width\" content=\"962\" \/>\n\t<meta property=\"og:image:height\" content=\"300\" \/>\n\t<meta property=\"og:image:type\" content=\"image\/jpeg\" \/>\n<meta name=\"twitter:card\" content=\"summary_large_image\" \/>\n<meta name=\"twitter:label1\" content=\"Tiempo de lectura\" \/>\n\t<meta name=\"twitter:data1\" content=\"1 minuto\" \/>\n<script type=\"application\/ld+json\" class=\"yoast-schema-graph\">{\"@context\":\"https:\\\/\\\/schema.org\",\"@graph\":[{\"@type\":\"WebPage\",\"@id\":\"https:\\\/\\\/www.cilfa.fr\\\/es\\\/dilf\\\/\",\"url\":\"https:\\\/\\\/www.cilfa.fr\\\/es\\\/dilf\\\/\",\"name\":\"DILF - Cilfa\",\"isPartOf\":{\"@id\":\"https:\\\/\\\/www.cilfa.fr\\\/es\\\/#website\"},\"primaryImageOfPage\":{\"@id\":\"https:\\\/\\\/www.cilfa.fr\\\/es\\\/dilf\\\/#primaryimage\"},\"image\":{\"@id\":\"https:\\\/\\\/www.cilfa.fr\\\/es\\\/dilf\\\/#primaryimage\"},\"thumbnailUrl\":\"https:\\\/\\\/www.cilfa.fr\\\/wp-content\\\/uploads\\\/2017\\\/05\\\/examens.jpg\",\"datePublished\":\"2017-05-29T08:48:08+00:00\",\"dateModified\":\"2017-10-17T11:41:48+00:00\",\"description\":\"El DILF eval\u00faa los primeros aprendizajes(nivel A1.1 del MCERL). Constituye el primer paso hacia la consecuci\u00f3n del DELF y el DALF. 4 competencias: comprensi\u00f3n oral y escrita, expresi\u00f3n oral y escrita.\",\"breadcrumb\":{\"@id\":\"https:\\\/\\\/www.cilfa.fr\\\/es\\\/dilf\\\/#breadcrumb\"},\"inLanguage\":\"es\",\"potentialAction\":[{\"@type\":\"ReadAction\",\"target\":[\"https:\\\/\\\/www.cilfa.fr\\\/es\\\/dilf\\\/\"]}]},{\"@type\":\"ImageObject\",\"inLanguage\":\"es\",\"@id\":\"https:\\\/\\\/www.cilfa.fr\\\/es\\\/dilf\\\/#primaryimage\",\"url\":\"https:\\\/\\\/www.cilfa.fr\\\/wp-content\\\/uploads\\\/2017\\\/05\\\/examens.jpg\",\"contentUrl\":\"https:\\\/\\\/www.cilfa.fr\\\/wp-content\\\/uploads\\\/2017\\\/05\\\/examens.jpg\",\"width\":962,\"height\":300},{\"@type\":\"BreadcrumbList\",\"@id\":\"https:\\\/\\\/www.cilfa.fr\\\/es\\\/dilf\\\/#breadcrumb\",\"itemListElement\":[{\"@type\":\"ListItem\",\"position\":1,\"name\":\"Accueil\",\"item\":\"https:\\\/\\\/www.cilfa.fr\\\/es\\\/\"},{\"@type\":\"ListItem\",\"position\":2,\"name\":\"DILF\"}]},{\"@type\":\"WebSite\",\"@id\":\"https:\\\/\\\/www.cilfa.fr\\\/es\\\/#website\",\"url\":\"https:\\\/\\\/www.cilfa.fr\\\/es\\\/\",\"name\":\"Cilfa\",\"description\":\"Apprendre le fran\u00e7ais \u00e0 Annecy dans les Alpes\",\"publisher\":{\"@id\":\"https:\\\/\\\/www.cilfa.fr\\\/es\\\/#organization\"},\"potentialAction\":[{\"@type\":\"SearchAction\",\"target\":{\"@type\":\"EntryPoint\",\"urlTemplate\":\"https:\\\/\\\/www.cilfa.fr\\\/es\\\/?s={search_term_string}\"},\"query-input\":{\"@type\":\"PropertyValueSpecification\",\"valueRequired\":true,\"valueName\":\"search_term_string\"}}],\"inLanguage\":\"es\"},{\"@type\":\"Organization\",\"@id\":\"https:\\\/\\\/www.cilfa.fr\\\/es\\\/#organization\",\"name\":\"Cilfa\",\"url\":\"https:\\\/\\\/www.cilfa.fr\\\/es\\\/\",\"logo\":{\"@type\":\"ImageObject\",\"inLanguage\":\"es\",\"@id\":\"https:\\\/\\\/www.cilfa.fr\\\/es\\\/#\\\/schema\\\/logo\\\/image\\\/\",\"url\":\"https:\\\/\\\/www.cilfa.fr\\\/wp-content\\\/uploads\\\/2017\\\/04\\\/cropped-logo.png\",\"contentUrl\":\"https:\\\/\\\/www.cilfa.fr\\\/wp-content\\\/uploads\\\/2017\\\/04\\\/cropped-logo.png\",\"width\":306,\"height\":200,\"caption\":\"Cilfa\"},\"image\":{\"@id\":\"https:\\\/\\\/www.cilfa.fr\\\/es\\\/#\\\/schema\\\/logo\\\/image\\\/\"}}]}<\/script>\n<!-- \/ Yoast SEO plugin. -->","yoast_head_json":{"title":"DILF - Cilfa","description":"El DILF eval\u00faa los primeros aprendizajes(nivel A1.1 del MCERL). Constituye el primer paso hacia la consecuci\u00f3n del DELF y el DALF. 4 competencias: comprensi\u00f3n oral y escrita, expresi\u00f3n oral y escrita.","robots":{"index":"index","follow":"follow","max-snippet":"max-snippet:-1","max-image-preview":"max-image-preview:large","max-video-preview":"max-video-preview:-1"},"canonical":"https:\/\/www.cilfa.fr\/es\/dilf\/","og_locale":"es_ES","og_type":"article","og_title":"DILF - Cilfa","og_description":"El DILF eval\u00faa los primeros aprendizajes(nivel A1.1 del MCERL). Constituye el primer paso hacia la consecuci\u00f3n del DELF y el DALF. 4 competencias: comprensi\u00f3n oral y escrita, expresi\u00f3n oral y escrita.","og_url":"https:\/\/www.cilfa.fr\/es\/dilf\/","og_site_name":"Cilfa","article_modified_time":"2017-10-17T11:41:48+00:00","og_image":[{"width":962,"height":300,"url":"https:\/\/www.cilfa.fr\/wp-content\/uploads\/2017\/05\/examens.jpg","type":"image\/jpeg"}],"twitter_card":"summary_large_image","twitter_misc":{"Tiempo de lectura":"1 minuto"},"schema":{"@context":"https:\/\/schema.org","@graph":[{"@type":"WebPage","@id":"https:\/\/www.cilfa.fr\/es\/dilf\/","url":"https:\/\/www.cilfa.fr\/es\/dilf\/","name":"DILF - Cilfa","isPartOf":{"@id":"https:\/\/www.cilfa.fr\/es\/#website"},"primaryImageOfPage":{"@id":"https:\/\/www.cilfa.fr\/es\/dilf\/#primaryimage"},"image":{"@id":"https:\/\/www.cilfa.fr\/es\/dilf\/#primaryimage"},"thumbnailUrl":"https:\/\/www.cilfa.fr\/wp-content\/uploads\/2017\/05\/examens.jpg","datePublished":"2017-05-29T08:48:08+00:00","dateModified":"2017-10-17T11:41:48+00:00","description":"El DILF eval\u00faa los primeros aprendizajes(nivel A1.1 del MCERL). Constituye el primer paso hacia la consecuci\u00f3n del DELF y el DALF. 4 competencias: comprensi\u00f3n oral y escrita, expresi\u00f3n oral y escrita.","breadcrumb":{"@id":"https:\/\/www.cilfa.fr\/es\/dilf\/#breadcrumb"},"inLanguage":"es","potentialAction":[{"@type":"ReadAction","target":["https:\/\/www.cilfa.fr\/es\/dilf\/"]}]},{"@type":"ImageObject","inLanguage":"es","@id":"https:\/\/www.cilfa.fr\/es\/dilf\/#primaryimage","url":"https:\/\/www.cilfa.fr\/wp-content\/uploads\/2017\/05\/examens.jpg","contentUrl":"https:\/\/www.cilfa.fr\/wp-content\/uploads\/2017\/05\/examens.jpg","width":962,"height":300},{"@type":"BreadcrumbList","@id":"https:\/\/www.cilfa.fr\/es\/dilf\/#breadcrumb","itemListElement":[{"@type":"ListItem","position":1,"name":"Accueil","item":"https:\/\/www.cilfa.fr\/es\/"},{"@type":"ListItem","position":2,"name":"DILF"}]},{"@type":"WebSite","@id":"https:\/\/www.cilfa.fr\/es\/#website","url":"https:\/\/www.cilfa.fr\/es\/","name":"Cilfa","description":"Apprendre le fran\u00e7ais \u00e0 Annecy dans les Alpes","publisher":{"@id":"https:\/\/www.cilfa.fr\/es\/#organization"},"potentialAction":[{"@type":"SearchAction","target":{"@type":"EntryPoint","urlTemplate":"https:\/\/www.cilfa.fr\/es\/?s={search_term_string}"},"query-input":{"@type":"PropertyValueSpecification","valueRequired":true,"valueName":"search_term_string"}}],"inLanguage":"es"},{"@type":"Organization","@id":"https:\/\/www.cilfa.fr\/es\/#organization","name":"Cilfa","url":"https:\/\/www.cilfa.fr\/es\/","logo":{"@type":"ImageObject","inLanguage":"es","@id":"https:\/\/www.cilfa.fr\/es\/#\/schema\/logo\/image\/","url":"https:\/\/www.cilfa.fr\/wp-content\/uploads\/2017\/04\/cropped-logo.png","contentUrl":"https:\/\/www.cilfa.fr\/wp-content\/uploads\/2017\/04\/cropped-logo.png","width":306,"height":200,"caption":"Cilfa"},"image":{"@id":"https:\/\/www.cilfa.fr\/es\/#\/schema\/logo\/image\/"}}]}},"_links":{"self":[{"href":"https:\/\/www.cilfa.fr\/es\/wp-json\/wp\/v2\/pages\/1230","targetHints":{"allow":["GET"]}}],"collection":[{"href":"https:\/\/www.cilfa.fr\/es\/wp-json\/wp\/v2\/pages"}],"about":[{"href":"https:\/\/www.cilfa.fr\/es\/wp-json\/wp\/v2\/types\/page"}],"author":[{"embeddable":true,"href":"https:\/\/www.cilfa.fr\/es\/wp-json\/wp\/v2\/users\/4"}],"replies":[{"embeddable":true,"href":"https:\/\/www.cilfa.fr\/es\/wp-json\/wp\/v2\/comments?post=1230"}],"version-history":[{"count":2,"href":"https:\/\/www.cilfa.fr\/es\/wp-json\/wp\/v2\/pages\/1230\/revisions"}],"predecessor-version":[{"id":3043,"href":"https:\/\/www.cilfa.fr\/es\/wp-json\/wp\/v2\/pages\/1230\/revisions\/3043"}],"wp:featuredmedia":[{"embeddable":true,"href":"https:\/\/www.cilfa.fr\/es\/wp-json\/wp\/v2\/media\/269"}],"wp:attachment":[{"href":"https:\/\/www.cilfa.fr\/es\/wp-json\/wp\/v2\/media?parent=1230"}],"curies":[{"name":"wp","href":"https:\/\/api.w.org\/{rel}","templated":true}]}}