{"id":846,"date":"2017-05-19T20:59:48","date_gmt":"2017-05-19T18:59:48","guid":{"rendered":"https:\/\/www.cilfa.fr\/?page_id=846\/"},"modified":"2017-06-02T20:09:48","modified_gmt":"2017-06-02T18:09:48","slug":"delf-a2","status":"publish","type":"page","link":"https:\/\/www.cilfa.fr\/en\/delf-a2\/","title":{"rendered":"DELF A2"},"content":{"rendered":"<h2>DELF, dipl\u00f4me d&#8217;\u00e9tudes en langue fran\u00e7aise<\/h2>\n<h2>(Diploma in French Language Study)<\/h2>\n<p>DELF A2 is based on the same principle: it recognises the linguistic competency of a basic user, considered as a social actor. The candidate can communicate in simple and routine tasks requiring the most common polite phrases and exchanges of information.<\/p>\n<p>&nbsp;<\/p>\n<table border=\"1\" cellspacing=\"2\" cellpadding=\"0\">\n<tbody>\n<tr>\n<td><strong>Type of tests : DELF A2<\/strong><\/td>\n<td><strong>Duration<\/strong><\/td>\n<td><strong>Mark out of<\/strong><\/td>\n<\/tr>\n<tr>\n<td>\n<div class=\"tabgch\">\n<h2>Listening<\/h2>\n<p>Comprehension questionnaires dealing with three or four short recordings on everyday life (played twice).<br \/>\nMaximum duration of recordings: 5 mins<\/p>\n<\/div>\n<\/td>\n<td>Approximately\u00a025 minutes<\/td>\n<td>\/ 25<\/td>\n<\/tr>\n<tr>\n<td>\n<div class=\"tabgch\">\n<h2>Reading<\/h2>\n<p>Comprehension questionnaires dealing with three or four short recordings on everyday life.<\/p>\n<\/div>\n<\/td>\n<td>0 h 30<\/td>\n<td>\/ 25<\/td>\n<\/tr>\n<tr>\n<td>\n<div class=\"tabgch\">\n<h2>Writing<\/h2>\n<p>Two short pieces of writing (letter to a friend or message)<\/p>\n<ul>\n<li>describe an event or personal experiences<\/li>\n<li>invite, thank, say sorry, ask for something, give information, congratulate in writing\u2026<\/li>\n<\/ul>\n<\/div>\n<\/td>\n<td>0 h 45<\/td>\n<td>\/ 25<\/td>\n<\/tr>\n<tr>\n<td>\n<div class=\"tabgch\">\n<h2>Speaking<\/h2>\n<p>Three part test:<\/p>\n<ul>\n<li>guided conversation<\/li>\n<li>monologue<\/li>\n<li>interactive exercise.<\/li>\n<\/ul>\n<\/div>\n<\/td>\n<td>6 to 8 mins<br \/>\npreparation :<br \/>\n10 mins<\/td>\n<td>\/ 25<\/td>\n<\/tr>\n<\/tbody>\n<\/table>\n<div class=\"marge30\">\n<p><strong>Total duration of all tests : 1 hour 40<br \/>\nTotal mark out of 100.<br \/>\nOverall pass mark : 50\/100<br \/>\nPass mark per test : 5\/25<\/strong><\/p>\n<\/div>\n","protected":false},"excerpt":{"rendered":"<p>DELF, dipl\u00f4me d&#8217;\u00e9tudes en langue fran\u00e7aise (Diploma in French Language Study) DELF A2 is based on the same principle: it recognises the linguistic competency of a basic user, considered as a social actor. The candidate can communicate in simple and routine tasks requiring the most common polite phrases and exchanges of information. &nbsp; Type of [&hellip;]<\/p>\n","protected":false},"author":8,"featured_media":266,"parent":0,"menu_order":0,"comment_status":"closed","ping_status":"closed","template":"","meta":{"footnotes":""},"class_list":["post-846","page","type-page","status-publish","has-post-thumbnail","hentry"],"yoast_head":"<!-- This site is optimized with the Yoast SEO plugin v27.5 - https:\/\/yoast.com\/product\/yoast-seo-wordpress\/ -->\n<title>DELF A2 - Cilfa<\/title>\n<meta name=\"description\" content=\"DELF A2 recognises the linguistic competency of a basic user. The candidate can communicate in simple and routine tasks. The page presents the 4 parts of the exam A2.\" \/>\n<meta name=\"robots\" content=\"index, follow, max-snippet:-1, max-image-preview:large, max-video-preview:-1\" \/>\n<link rel=\"canonical\" href=\"https:\/\/www.cilfa.fr\/en\/delf-a2\/\" \/>\n<meta property=\"og:locale\" content=\"en_US\" \/>\n<meta property=\"og:type\" content=\"article\" \/>\n<meta property=\"og:title\" content=\"DELF A2 - Cilfa\" \/>\n<meta property=\"og:description\" content=\"DELF A2 recognises the linguistic competency of a basic user. The candidate can communicate in simple and routine tasks. The page presents the 4 parts of the exam A2.\" \/>\n<meta property=\"og:url\" content=\"https:\/\/www.cilfa.fr\/en\/delf-a2\/\" \/>\n<meta property=\"og:site_name\" content=\"Cilfa\" \/>\n<meta property=\"article:modified_time\" content=\"2017-06-02T18:09:48+00:00\" \/>\n<meta property=\"og:image\" content=\"https:\/\/www.cilfa.fr\/wp-content\/uploads\/2017\/05\/examens.jpg\" \/>\n\t<meta property=\"og:image:width\" content=\"962\" \/>\n\t<meta property=\"og:image:height\" content=\"300\" \/>\n\t<meta property=\"og:image:type\" content=\"image\/jpeg\" \/>\n<meta name=\"twitter:card\" content=\"summary_large_image\" \/>\n<meta name=\"twitter:label1\" content=\"Est. reading time\" \/>\n\t<meta name=\"twitter:data1\" content=\"1 minute\" \/>\n<script type=\"application\/ld+json\" class=\"yoast-schema-graph\">{\"@context\":\"https:\\\/\\\/schema.org\",\"@graph\":[{\"@type\":\"WebPage\",\"@id\":\"https:\\\/\\\/www.cilfa.fr\\\/en\\\/delf-a2\\\/\",\"url\":\"https:\\\/\\\/www.cilfa.fr\\\/en\\\/delf-a2\\\/\",\"name\":\"DELF A2 - Cilfa\",\"isPartOf\":{\"@id\":\"https:\\\/\\\/www.cilfa.fr\\\/es\\\/#website\"},\"primaryImageOfPage\":{\"@id\":\"https:\\\/\\\/www.cilfa.fr\\\/en\\\/delf-a2\\\/#primaryimage\"},\"image\":{\"@id\":\"https:\\\/\\\/www.cilfa.fr\\\/en\\\/delf-a2\\\/#primaryimage\"},\"thumbnailUrl\":\"https:\\\/\\\/www.cilfa.fr\\\/wp-content\\\/uploads\\\/2017\\\/05\\\/examens.jpg\",\"datePublished\":\"2017-05-19T18:59:48+00:00\",\"dateModified\":\"2017-06-02T18:09:48+00:00\",\"description\":\"DELF A2 recognises the linguistic competency of a basic user. The candidate can communicate in simple and routine tasks. The page presents the 4 parts of the exam A2.\",\"breadcrumb\":{\"@id\":\"https:\\\/\\\/www.cilfa.fr\\\/en\\\/delf-a2\\\/#breadcrumb\"},\"inLanguage\":\"en-US\",\"potentialAction\":[{\"@type\":\"ReadAction\",\"target\":[\"https:\\\/\\\/www.cilfa.fr\\\/en\\\/delf-a2\\\/\"]}]},{\"@type\":\"ImageObject\",\"inLanguage\":\"en-US\",\"@id\":\"https:\\\/\\\/www.cilfa.fr\\\/en\\\/delf-a2\\\/#primaryimage\",\"url\":\"https:\\\/\\\/www.cilfa.fr\\\/wp-content\\\/uploads\\\/2017\\\/05\\\/examens.jpg\",\"contentUrl\":\"https:\\\/\\\/www.cilfa.fr\\\/wp-content\\\/uploads\\\/2017\\\/05\\\/examens.jpg\",\"width\":962,\"height\":300},{\"@type\":\"BreadcrumbList\",\"@id\":\"https:\\\/\\\/www.cilfa.fr\\\/en\\\/delf-a2\\\/#breadcrumb\",\"itemListElement\":[{\"@type\":\"ListItem\",\"position\":1,\"name\":\"Accueil\",\"item\":\"https:\\\/\\\/www.cilfa.fr\\\/en\\\/\"},{\"@type\":\"ListItem\",\"position\":2,\"name\":\"DELF A2\"}]},{\"@type\":\"WebSite\",\"@id\":\"https:\\\/\\\/www.cilfa.fr\\\/es\\\/#website\",\"url\":\"https:\\\/\\\/www.cilfa.fr\\\/es\\\/\",\"name\":\"Cilfa\",\"description\":\"Apprendre le fran\u00e7ais \u00e0 Annecy dans les Alpes\",\"publisher\":{\"@id\":\"https:\\\/\\\/www.cilfa.fr\\\/es\\\/#organization\"},\"potentialAction\":[{\"@type\":\"SearchAction\",\"target\":{\"@type\":\"EntryPoint\",\"urlTemplate\":\"https:\\\/\\\/www.cilfa.fr\\\/es\\\/?s={search_term_string}\"},\"query-input\":{\"@type\":\"PropertyValueSpecification\",\"valueRequired\":true,\"valueName\":\"search_term_string\"}}],\"inLanguage\":\"en-US\"},{\"@type\":\"Organization\",\"@id\":\"https:\\\/\\\/www.cilfa.fr\\\/es\\\/#organization\",\"name\":\"Cilfa\",\"url\":\"https:\\\/\\\/www.cilfa.fr\\\/es\\\/\",\"logo\":{\"@type\":\"ImageObject\",\"inLanguage\":\"en-US\",\"@id\":\"https:\\\/\\\/www.cilfa.fr\\\/es\\\/#\\\/schema\\\/logo\\\/image\\\/\",\"url\":\"https:\\\/\\\/www.cilfa.fr\\\/wp-content\\\/uploads\\\/2017\\\/04\\\/cropped-logo.png\",\"contentUrl\":\"https:\\\/\\\/www.cilfa.fr\\\/wp-content\\\/uploads\\\/2017\\\/04\\\/cropped-logo.png\",\"width\":306,\"height\":200,\"caption\":\"Cilfa\"},\"image\":{\"@id\":\"https:\\\/\\\/www.cilfa.fr\\\/es\\\/#\\\/schema\\\/logo\\\/image\\\/\"}}]}<\/script>\n<!-- \/ Yoast SEO plugin. -->","yoast_head_json":{"title":"DELF A2 - Cilfa","description":"DELF A2 recognises the linguistic competency of a basic user. The candidate can communicate in simple and routine tasks. The page presents the 4 parts of the exam A2.","robots":{"index":"index","follow":"follow","max-snippet":"max-snippet:-1","max-image-preview":"max-image-preview:large","max-video-preview":"max-video-preview:-1"},"canonical":"https:\/\/www.cilfa.fr\/en\/delf-a2\/","og_locale":"en_US","og_type":"article","og_title":"DELF A2 - Cilfa","og_description":"DELF A2 recognises the linguistic competency of a basic user. The candidate can communicate in simple and routine tasks. The page presents the 4 parts of the exam A2.","og_url":"https:\/\/www.cilfa.fr\/en\/delf-a2\/","og_site_name":"Cilfa","article_modified_time":"2017-06-02T18:09:48+00:00","og_image":[{"width":962,"height":300,"url":"https:\/\/www.cilfa.fr\/wp-content\/uploads\/2017\/05\/examens.jpg","type":"image\/jpeg"}],"twitter_card":"summary_large_image","twitter_misc":{"Est. reading time":"1 minute"},"schema":{"@context":"https:\/\/schema.org","@graph":[{"@type":"WebPage","@id":"https:\/\/www.cilfa.fr\/en\/delf-a2\/","url":"https:\/\/www.cilfa.fr\/en\/delf-a2\/","name":"DELF A2 - Cilfa","isPartOf":{"@id":"https:\/\/www.cilfa.fr\/es\/#website"},"primaryImageOfPage":{"@id":"https:\/\/www.cilfa.fr\/en\/delf-a2\/#primaryimage"},"image":{"@id":"https:\/\/www.cilfa.fr\/en\/delf-a2\/#primaryimage"},"thumbnailUrl":"https:\/\/www.cilfa.fr\/wp-content\/uploads\/2017\/05\/examens.jpg","datePublished":"2017-05-19T18:59:48+00:00","dateModified":"2017-06-02T18:09:48+00:00","description":"DELF A2 recognises the linguistic competency of a basic user. The candidate can communicate in simple and routine tasks. The page presents the 4 parts of the exam A2.","breadcrumb":{"@id":"https:\/\/www.cilfa.fr\/en\/delf-a2\/#breadcrumb"},"inLanguage":"en-US","potentialAction":[{"@type":"ReadAction","target":["https:\/\/www.cilfa.fr\/en\/delf-a2\/"]}]},{"@type":"ImageObject","inLanguage":"en-US","@id":"https:\/\/www.cilfa.fr\/en\/delf-a2\/#primaryimage","url":"https:\/\/www.cilfa.fr\/wp-content\/uploads\/2017\/05\/examens.jpg","contentUrl":"https:\/\/www.cilfa.fr\/wp-content\/uploads\/2017\/05\/examens.jpg","width":962,"height":300},{"@type":"BreadcrumbList","@id":"https:\/\/www.cilfa.fr\/en\/delf-a2\/#breadcrumb","itemListElement":[{"@type":"ListItem","position":1,"name":"Accueil","item":"https:\/\/www.cilfa.fr\/en\/"},{"@type":"ListItem","position":2,"name":"DELF A2"}]},{"@type":"WebSite","@id":"https:\/\/www.cilfa.fr\/es\/#website","url":"https:\/\/www.cilfa.fr\/es\/","name":"Cilfa","description":"Apprendre le fran\u00e7ais \u00e0 Annecy dans les Alpes","publisher":{"@id":"https:\/\/www.cilfa.fr\/es\/#organization"},"potentialAction":[{"@type":"SearchAction","target":{"@type":"EntryPoint","urlTemplate":"https:\/\/www.cilfa.fr\/es\/?s={search_term_string}"},"query-input":{"@type":"PropertyValueSpecification","valueRequired":true,"valueName":"search_term_string"}}],"inLanguage":"en-US"},{"@type":"Organization","@id":"https:\/\/www.cilfa.fr\/es\/#organization","name":"Cilfa","url":"https:\/\/www.cilfa.fr\/es\/","logo":{"@type":"ImageObject","inLanguage":"en-US","@id":"https:\/\/www.cilfa.fr\/es\/#\/schema\/logo\/image\/","url":"https:\/\/www.cilfa.fr\/wp-content\/uploads\/2017\/04\/cropped-logo.png","contentUrl":"https:\/\/www.cilfa.fr\/wp-content\/uploads\/2017\/04\/cropped-logo.png","width":306,"height":200,"caption":"Cilfa"},"image":{"@id":"https:\/\/www.cilfa.fr\/es\/#\/schema\/logo\/image\/"}}]}},"_links":{"self":[{"href":"https:\/\/www.cilfa.fr\/en\/wp-json\/wp\/v2\/pages\/846","targetHints":{"allow":["GET"]}}],"collection":[{"href":"https:\/\/www.cilfa.fr\/en\/wp-json\/wp\/v2\/pages"}],"about":[{"href":"https:\/\/www.cilfa.fr\/en\/wp-json\/wp\/v2\/types\/page"}],"author":[{"embeddable":true,"href":"https:\/\/www.cilfa.fr\/en\/wp-json\/wp\/v2\/users\/8"}],"replies":[{"embeddable":true,"href":"https:\/\/www.cilfa.fr\/en\/wp-json\/wp\/v2\/comments?post=846"}],"version-history":[{"count":3,"href":"https:\/\/www.cilfa.fr\/en\/wp-json\/wp\/v2\/pages\/846\/revisions"}],"predecessor-version":[{"id":963,"href":"https:\/\/www.cilfa.fr\/en\/wp-json\/wp\/v2\/pages\/846\/revisions\/963"}],"wp:featuredmedia":[{"embeddable":true,"href":"https:\/\/www.cilfa.fr\/en\/wp-json\/wp\/v2\/media\/266"}],"wp:attachment":[{"href":"https:\/\/www.cilfa.fr\/en\/wp-json\/wp\/v2\/media?parent=846"}],"curies":[{"name":"wp","href":"https:\/\/api.w.org\/{rel}","templated":true}]}}